{"id":269,"date":"2016-12-05T13:56:49","date_gmt":"2016-12-05T21:56:49","guid":{"rendered":"http:\/\/paladinsecurit.wpengine.com\/?page_id=269"},"modified":"2026-02-26T16:32:59","modified_gmt":"2026-02-27T00:32:59","slug":"leadership-regional","status":"publish","type":"page","link":"https:\/\/paladinairportsecurity.com\/fr\/about-us\/leadership-regional\/","title":{"rendered":"Direction R\u00e9gionale"},"content":{"rendered":"","protected":false},"excerpt":{"rendered":"","protected":false},"author":2,"featured_media":0,"parent":1667,"menu_order":0,"comment_status":"closed","ping_status":"closed","template":"page_content.php","meta":{"_acf_changed":false,"content-type":"","_genesis_hide_title":false,"_genesis_hide_breadcrumbs":false,"_genesis_hide_singular_image":false,"_genesis_hide_footer_widgets":false,"_genesis_custom_body_class":"","_genesis_custom_post_class":"","_genesis_layout":"full-width-content","footnotes":""},"class_list":{"0":"post-269","1":"page","2":"type-page","3":"status-publish","5":"entry","6":"has-post-thumbnail"},"acf":[],"yoast_head":"<!-- This site is optimized with the Yoast SEO plugin v27.3 - https:\/\/yoast.com\/product\/yoast-seo-wordpress\/ -->\n<title>Leadership R\u00e9gional<\/title>\n<meta name=\"description\" content=\"Des leaders reconnus. Des r\u00e9sultats exceptionnels. Voil\u00e0 la diff\u00e9rence Paladin.\" \/>\n<meta name=\"robots\" content=\"index, follow, max-snippet:-1, max-image-preview:large, max-video-preview:-1\" \/>\n<link rel=\"canonical\" href=\"https:\/\/paladinairportsecurity.com\/fr\/about-us\/leadership-regional\/\" \/>\n<meta property=\"og:locale\" content=\"fr_CA\" \/>\n<meta property=\"og:type\" content=\"article\" \/>\n<meta property=\"og:title\" content=\"Leadership R\u00e9gional\" \/>\n<meta property=\"og:description\" content=\"Des leaders reconnus. Des r\u00e9sultats exceptionnels. Voil\u00e0 la diff\u00e9rence Paladin.\" \/>\n<meta property=\"og:url\" content=\"https:\/\/paladinairportsecurity.com\/fr\/about-us\/leadership-regional\/\" \/>\n<meta property=\"og:site_name\" content=\"Paladin Airport Security \/ French\" \/>\n<meta property=\"article:modified_time\" content=\"2026-02-27T00:32:59+00:00\" \/>\n<meta name=\"twitter:card\" content=\"summary_large_image\" \/>\n<script type=\"application\/ld+json\" class=\"yoast-schema-graph\">{\"@context\":\"https:\\\/\\\/schema.org\",\"@graph\":[{\"@type\":\"WebPage\",\"@id\":\"https:\\\/\\\/paladinairportsecurity.com\\\/fr\\\/about-us\\\/leadership-regional\\\/\",\"url\":\"https:\\\/\\\/paladinairportsecurity.com\\\/fr\\\/about-us\\\/leadership-regional\\\/\",\"name\":\"Leadership R\u00e9gional\",\"isPartOf\":{\"@id\":\"https:\\\/\\\/paladinairportsecurity.com\\\/fr\\\/#website\"},\"datePublished\":\"2016-12-05T21:56:49+00:00\",\"dateModified\":\"2026-02-27T00:32:59+00:00\",\"description\":\"Des leaders reconnus. Des r\u00e9sultats exceptionnels. Voil\u00e0 la diff\u00e9rence Paladin.\",\"breadcrumb\":{\"@id\":\"https:\\\/\\\/paladinairportsecurity.com\\\/fr\\\/about-us\\\/leadership-regional\\\/#breadcrumb\"},\"inLanguage\":\"fr-CA\",\"potentialAction\":[{\"@type\":\"ReadAction\",\"target\":[\"https:\\\/\\\/paladinairportsecurity.com\\\/fr\\\/about-us\\\/leadership-regional\\\/\"]}]},{\"@type\":\"BreadcrumbList\",\"@id\":\"https:\\\/\\\/paladinairportsecurity.com\\\/fr\\\/about-us\\\/leadership-regional\\\/#breadcrumb\",\"itemListElement\":[{\"@type\":\"ListItem\",\"position\":1,\"name\":\"Home\",\"item\":\"https:\\\/\\\/paladinairportsecurity.com\\\/fr\\\/\"},{\"@type\":\"ListItem\",\"position\":2,\"name\":\"About Us\",\"item\":\"https:\\\/\\\/paladinairportsecurity.com\\\/fr\\\/about-us\\\/\"},{\"@type\":\"ListItem\",\"position\":3,\"name\":\"Direction R\u00e9gionale\"}]},{\"@type\":\"WebSite\",\"@id\":\"https:\\\/\\\/paladinairportsecurity.com\\\/fr\\\/#website\",\"url\":\"https:\\\/\\\/paladinairportsecurity.com\\\/fr\\\/\",\"name\":\"Paladin Airport Security\",\"description\":\"\",\"potentialAction\":[{\"@type\":\"SearchAction\",\"target\":{\"@type\":\"EntryPoint\",\"urlTemplate\":\"https:\\\/\\\/paladinairportsecurity.com\\\/fr\\\/?s={search_term_string}\"},\"query-input\":{\"@type\":\"PropertyValueSpecification\",\"valueRequired\":true,\"valueName\":\"search_term_string\"}}],\"inLanguage\":\"fr-CA\"},{\"@type\":\"ImageObject\",\"inLanguage\":\"fr-CA\",\"@id\":\"https:\\\/\\\/paladinairportsecurity.com\\\/fr\\\/about-us\\\/leadership-regional\\\/#local-main-organization-logo\",\"url\":\"\",\"contentUrl\":\"\",\"caption\":\"Paladin Airport Security\"}]}<\/script>\n<!-- \/ Yoast SEO plugin. -->","yoast_head_json":{"title":"Leadership R\u00e9gional","description":"Des leaders reconnus. Des r\u00e9sultats exceptionnels. Voil\u00e0 la diff\u00e9rence Paladin.","robots":{"index":"index","follow":"follow","max-snippet":"max-snippet:-1","max-image-preview":"max-image-preview:large","max-video-preview":"max-video-preview:-1"},"canonical":"https:\/\/paladinairportsecurity.com\/fr\/about-us\/leadership-regional\/","og_locale":"fr_CA","og_type":"article","og_title":"Leadership R\u00e9gional","og_description":"Des leaders reconnus. Des r\u00e9sultats exceptionnels. Voil\u00e0 la diff\u00e9rence Paladin.","og_url":"https:\/\/paladinairportsecurity.com\/fr\/about-us\/leadership-regional\/","og_site_name":"Paladin Airport Security \/ French","article_modified_time":"2026-02-27T00:32:59+00:00","twitter_card":"summary_large_image","schema":{"@context":"https:\/\/schema.org","@graph":[{"@type":"WebPage","@id":"https:\/\/paladinairportsecurity.com\/fr\/about-us\/leadership-regional\/","url":"https:\/\/paladinairportsecurity.com\/fr\/about-us\/leadership-regional\/","name":"Leadership R\u00e9gional","isPartOf":{"@id":"https:\/\/paladinairportsecurity.com\/fr\/#website"},"datePublished":"2016-12-05T21:56:49+00:00","dateModified":"2026-02-27T00:32:59+00:00","description":"Des leaders reconnus. Des r\u00e9sultats exceptionnels. Voil\u00e0 la diff\u00e9rence Paladin.","breadcrumb":{"@id":"https:\/\/paladinairportsecurity.com\/fr\/about-us\/leadership-regional\/#breadcrumb"},"inLanguage":"fr-CA","potentialAction":[{"@type":"ReadAction","target":["https:\/\/paladinairportsecurity.com\/fr\/about-us\/leadership-regional\/"]}]},{"@type":"BreadcrumbList","@id":"https:\/\/paladinairportsecurity.com\/fr\/about-us\/leadership-regional\/#breadcrumb","itemListElement":[{"@type":"ListItem","position":1,"name":"Home","item":"https:\/\/paladinairportsecurity.com\/fr\/"},{"@type":"ListItem","position":2,"name":"About Us","item":"https:\/\/paladinairportsecurity.com\/fr\/about-us\/"},{"@type":"ListItem","position":3,"name":"Direction R\u00e9gionale"}]},{"@type":"WebSite","@id":"https:\/\/paladinairportsecurity.com\/fr\/#website","url":"https:\/\/paladinairportsecurity.com\/fr\/","name":"Paladin Airport Security","description":"","potentialAction":[{"@type":"SearchAction","target":{"@type":"EntryPoint","urlTemplate":"https:\/\/paladinairportsecurity.com\/fr\/?s={search_term_string}"},"query-input":{"@type":"PropertyValueSpecification","valueRequired":true,"valueName":"search_term_string"}}],"inLanguage":"fr-CA"},{"@type":"ImageObject","inLanguage":"fr-CA","@id":"https:\/\/paladinairportsecurity.com\/fr\/about-us\/leadership-regional\/#local-main-organization-logo","url":"","contentUrl":"","caption":"Paladin Airport Security"}]}},"_links":{"self":[{"href":"https:\/\/paladinairportsecurity.com\/fr\/wp-json\/wp\/v2\/pages\/269","targetHints":{"allow":["GET"]}}],"collection":[{"href":"https:\/\/paladinairportsecurity.com\/fr\/wp-json\/wp\/v2\/pages"}],"about":[{"href":"https:\/\/paladinairportsecurity.com\/fr\/wp-json\/wp\/v2\/types\/page"}],"author":[{"embeddable":true,"href":"https:\/\/paladinairportsecurity.com\/fr\/wp-json\/wp\/v2\/users\/2"}],"replies":[{"embeddable":true,"href":"https:\/\/paladinairportsecurity.com\/fr\/wp-json\/wp\/v2\/comments?post=269"}],"version-history":[{"count":99,"href":"https:\/\/paladinairportsecurity.com\/fr\/wp-json\/wp\/v2\/pages\/269\/revisions"}],"predecessor-version":[{"id":127272,"href":"https:\/\/paladinairportsecurity.com\/fr\/wp-json\/wp\/v2\/pages\/269\/revisions\/127272"}],"up":[{"embeddable":true,"href":"https:\/\/paladinairportsecurity.com\/fr\/wp-json\/wp\/v2\/pages\/1667"}],"wp:attachment":[{"href":"https:\/\/paladinairportsecurity.com\/fr\/wp-json\/wp\/v2\/media?parent=269"}],"curies":[{"name":"wp","href":"https:\/\/api.w.org\/{rel}","templated":true}]}}