{"id":169,"date":"2016-11-29T16:09:40","date_gmt":"2016-11-30T00:09:40","guid":{"rendered":"http:\/\/paladinsecurit.wpengine.com\/?page_id=169"},"modified":"2025-05-08T09:37:49","modified_gmt":"2025-05-08T16:37:49","slug":"home","status":"publish","type":"page","link":"https:\/\/paladinairportsecurity.com\/fr\/","title":{"rendered":"Home"},"content":{"rendered":"","protected":false},"excerpt":{"rendered":"","protected":false},"author":2,"featured_media":0,"parent":0,"menu_order":0,"comment_status":"closed","ping_status":"closed","template":"page_home.php","meta":{"_acf_changed":false,"content-type":"","_genesis_hide_title":false,"_genesis_hide_breadcrumbs":false,"_genesis_hide_singular_image":false,"_genesis_hide_footer_widgets":false,"_genesis_custom_body_class":"","_genesis_custom_post_class":"","_genesis_layout":"full-width-content","footnotes":""},"class_list":{"0":"post-169","1":"page","2":"type-page","3":"status-publish","5":"entry","6":"has-post-thumbnail"},"acf":[],"yoast_head":"<!-- This site is optimized with the Yoast SEO plugin v27.3 - https:\/\/yoast.com\/product\/yoast-seo-wordpress\/ -->\n<title>Entreprise de services de contr\u00f4le au Canada -Services de S\u00e9curit\u00e9 d\u2019A\u00e9roport Paladin<\/title>\n<meta name=\"description\" content=\"Voyez comment le plus grand fournisseur ind\u00e9pendant de services de s\u00e9curit\u00e9 au Canada transforme la fa\u00e7on dont les organisations rationalisent leurs besoins en mati\u00e8re de s\u00e9curit\u00e9. D\u00e9couvrez nos services de s\u00e9curit\u00e9 !\" \/>\n<meta name=\"robots\" content=\"index, follow, max-snippet:-1, max-image-preview:large, max-video-preview:-1\" \/>\n<link rel=\"canonical\" href=\"https:\/\/paladinairportsecurity.com\/fr\/\" \/>\n<meta property=\"og:locale\" content=\"fr_CA\" \/>\n<meta property=\"og:type\" content=\"article\" \/>\n<meta property=\"og:title\" content=\"Paladin Security\" \/>\n<meta property=\"og:description\" content=\"Voyez comment le plus grand fournisseur ind\u00e9pendant de services de s\u00e9curit\u00e9 au Canada transforme la fa\u00e7on dont les organisations rationalisent leurs besoins en mati\u00e8re de s\u00e9curit\u00e9. D\u00e9couvrez nos services de s\u00e9curit\u00e9 !\" \/>\n<meta property=\"og:url\" content=\"https:\/\/paladinairportsecurity.com\/fr\/\" \/>\n<meta property=\"og:site_name\" content=\"Paladin Airport Security \/ French\" \/>\n<meta property=\"article:modified_time\" content=\"2025-05-08T16:37:49+00:00\" \/>\n<meta property=\"og:image\" content=\"https:\/\/paladinairportsecurity.com\/fr\/wp-content\/uploads\/sites\/16\/2022\/01\/favicon-1.png\" \/>\n\t<meta property=\"og:image:width\" content=\"2214\" \/>\n\t<meta property=\"og:image:height\" content=\"2185\" \/>\n\t<meta property=\"og:image:type\" content=\"image\/png\" \/>\n<meta name=\"twitter:card\" content=\"summary_large_image\" \/>\n<meta name=\"twitter:image\" content=\"https:\/\/paladinairportsecurity.com\/fr\/wp-content\/uploads\/sites\/16\/2022\/01\/favicon-1.png\" \/>\n<script type=\"application\/ld+json\" class=\"yoast-schema-graph\">{\"@context\":\"https:\\\/\\\/schema.org\",\"@graph\":[{\"@type\":\"WebPage\",\"@id\":\"https:\\\/\\\/paladinairportsecurity.com\\\/fr\\\/\",\"url\":\"https:\\\/\\\/paladinairportsecurity.com\\\/fr\\\/\",\"name\":\"Entreprise de services de contr\u00f4le au Canada -Services de S\u00e9curit\u00e9 d\u2019A\u00e9roport Paladin\",\"isPartOf\":{\"@id\":\"https:\\\/\\\/paladinairportsecurity.com\\\/fr\\\/#website\"},\"datePublished\":\"2016-11-30T00:09:40+00:00\",\"dateModified\":\"2025-05-08T16:37:49+00:00\",\"description\":\"Voyez comment le plus grand fournisseur ind\u00e9pendant de services de s\u00e9curit\u00e9 au Canada transforme la fa\u00e7on dont les organisations rationalisent leurs besoins en mati\u00e8re de s\u00e9curit\u00e9. D\u00e9couvrez nos services de s\u00e9curit\u00e9 !\",\"breadcrumb\":{\"@id\":\"https:\\\/\\\/paladinairportsecurity.com\\\/fr\\\/#breadcrumb\"},\"inLanguage\":\"fr-CA\",\"potentialAction\":[{\"@type\":\"ReadAction\",\"target\":[\"https:\\\/\\\/paladinairportsecurity.com\\\/fr\\\/\"]}]},{\"@type\":\"BreadcrumbList\",\"@id\":\"https:\\\/\\\/paladinairportsecurity.com\\\/fr\\\/#breadcrumb\",\"itemListElement\":[{\"@type\":\"ListItem\",\"position\":1,\"name\":\"Home\",\"item\":\"https:\\\/\\\/paladinairportsecurity.com\\\/fr\\\/\"},{\"@type\":\"ListItem\",\"position\":2,\"name\":\"Home\"}]},{\"@type\":\"WebSite\",\"@id\":\"https:\\\/\\\/paladinairportsecurity.com\\\/fr\\\/#website\",\"url\":\"https:\\\/\\\/paladinairportsecurity.com\\\/fr\\\/\",\"name\":\"Paladin Airport Security\",\"description\":\"\",\"potentialAction\":[{\"@type\":\"SearchAction\",\"target\":{\"@type\":\"EntryPoint\",\"urlTemplate\":\"https:\\\/\\\/paladinairportsecurity.com\\\/fr\\\/?s={search_term_string}\"},\"query-input\":{\"@type\":\"PropertyValueSpecification\",\"valueRequired\":true,\"valueName\":\"search_term_string\"}}],\"inLanguage\":\"fr-CA\"},{\"@type\":\"ImageObject\",\"inLanguage\":\"fr-CA\",\"@id\":\"https:\\\/\\\/paladinairportsecurity.com\\\/fr\\\/#local-main-organization-logo\",\"url\":\"\",\"contentUrl\":\"\",\"caption\":\"Paladin Airport Security\"}]}<\/script>\n<!-- \/ Yoast SEO plugin. -->","yoast_head_json":{"title":"Entreprise de services de contr\u00f4le au Canada -Services de S\u00e9curit\u00e9 d\u2019A\u00e9roport Paladin","description":"Voyez comment le plus grand fournisseur ind\u00e9pendant de services de s\u00e9curit\u00e9 au Canada transforme la fa\u00e7on dont les organisations rationalisent leurs besoins en mati\u00e8re de s\u00e9curit\u00e9. D\u00e9couvrez nos services de s\u00e9curit\u00e9 !","robots":{"index":"index","follow":"follow","max-snippet":"max-snippet:-1","max-image-preview":"max-image-preview:large","max-video-preview":"max-video-preview:-1"},"canonical":"https:\/\/paladinairportsecurity.com\/fr\/","og_locale":"fr_CA","og_type":"article","og_title":"Paladin Security","og_description":"Voyez comment le plus grand fournisseur ind\u00e9pendant de services de s\u00e9curit\u00e9 au Canada transforme la fa\u00e7on dont les organisations rationalisent leurs besoins en mati\u00e8re de s\u00e9curit\u00e9. D\u00e9couvrez nos services de s\u00e9curit\u00e9 !","og_url":"https:\/\/paladinairportsecurity.com\/fr\/","og_site_name":"Paladin Airport Security \/ French","article_modified_time":"2025-05-08T16:37:49+00:00","og_image":[{"width":2214,"height":2185,"url":"https:\/\/paladinairportsecurity.com\/fr\/wp-content\/uploads\/sites\/16\/2022\/01\/favicon-1.png","type":"image\/png"}],"twitter_card":"summary_large_image","twitter_image":"https:\/\/paladinairportsecurity.com\/fr\/wp-content\/uploads\/sites\/16\/2022\/01\/favicon-1.png","schema":{"@context":"https:\/\/schema.org","@graph":[{"@type":"WebPage","@id":"https:\/\/paladinairportsecurity.com\/fr\/","url":"https:\/\/paladinairportsecurity.com\/fr\/","name":"Entreprise de services de contr\u00f4le au Canada -Services de S\u00e9curit\u00e9 d\u2019A\u00e9roport Paladin","isPartOf":{"@id":"https:\/\/paladinairportsecurity.com\/fr\/#website"},"datePublished":"2016-11-30T00:09:40+00:00","dateModified":"2025-05-08T16:37:49+00:00","description":"Voyez comment le plus grand fournisseur ind\u00e9pendant de services de s\u00e9curit\u00e9 au Canada transforme la fa\u00e7on dont les organisations rationalisent leurs besoins en mati\u00e8re de s\u00e9curit\u00e9. D\u00e9couvrez nos services de s\u00e9curit\u00e9 !","breadcrumb":{"@id":"https:\/\/paladinairportsecurity.com\/fr\/#breadcrumb"},"inLanguage":"fr-CA","potentialAction":[{"@type":"ReadAction","target":["https:\/\/paladinairportsecurity.com\/fr\/"]}]},{"@type":"BreadcrumbList","@id":"https:\/\/paladinairportsecurity.com\/fr\/#breadcrumb","itemListElement":[{"@type":"ListItem","position":1,"name":"Home","item":"https:\/\/paladinairportsecurity.com\/fr\/"},{"@type":"ListItem","position":2,"name":"Home"}]},{"@type":"WebSite","@id":"https:\/\/paladinairportsecurity.com\/fr\/#website","url":"https:\/\/paladinairportsecurity.com\/fr\/","name":"Paladin Airport Security","description":"","potentialAction":[{"@type":"SearchAction","target":{"@type":"EntryPoint","urlTemplate":"https:\/\/paladinairportsecurity.com\/fr\/?s={search_term_string}"},"query-input":{"@type":"PropertyValueSpecification","valueRequired":true,"valueName":"search_term_string"}}],"inLanguage":"fr-CA"},{"@type":"ImageObject","inLanguage":"fr-CA","@id":"https:\/\/paladinairportsecurity.com\/fr\/#local-main-organization-logo","url":"","contentUrl":"","caption":"Paladin Airport Security"}]}},"_links":{"self":[{"href":"https:\/\/paladinairportsecurity.com\/fr\/wp-json\/wp\/v2\/pages\/169","targetHints":{"allow":["GET"]}}],"collection":[{"href":"https:\/\/paladinairportsecurity.com\/fr\/wp-json\/wp\/v2\/pages"}],"about":[{"href":"https:\/\/paladinairportsecurity.com\/fr\/wp-json\/wp\/v2\/types\/page"}],"author":[{"embeddable":true,"href":"https:\/\/paladinairportsecurity.com\/fr\/wp-json\/wp\/v2\/users\/2"}],"replies":[{"embeddable":true,"href":"https:\/\/paladinairportsecurity.com\/fr\/wp-json\/wp\/v2\/comments?post=169"}],"version-history":[{"count":90,"href":"https:\/\/paladinairportsecurity.com\/fr\/wp-json\/wp\/v2\/pages\/169\/revisions"}],"predecessor-version":[{"id":127222,"href":"https:\/\/paladinairportsecurity.com\/fr\/wp-json\/wp\/v2\/pages\/169\/revisions\/127222"}],"wp:attachment":[{"href":"https:\/\/paladinairportsecurity.com\/fr\/wp-json\/wp\/v2\/media?parent=169"}],"curies":[{"name":"wp","href":"https:\/\/api.w.org\/{rel}","templated":true}]}}