{"id":1329,"date":"2016-12-09T12:20:07","date_gmt":"2016-12-09T20:20:07","guid":{"rendered":"http:\/\/paladinsecurit.wpengine.com\/?page_id=1329"},"modified":"2024-09-26T11:43:46","modified_gmt":"2024-09-26T18:43:46","slug":"valeurs-crre","status":"publish","type":"page","link":"https:\/\/paladinairportsecurity.com\/fr\/about-us\/valeurs-crre\/","title":{"rendered":"Valeurs \u00ab CRRE \u00bb"},"content":{"rendered":"","protected":false},"excerpt":{"rendered":"","protected":false},"author":3,"featured_media":0,"parent":1667,"menu_order":0,"comment_status":"closed","ping_status":"closed","template":"page_content.php","meta":{"_acf_changed":false,"content-type":"","_genesis_hide_title":false,"_genesis_hide_breadcrumbs":false,"_genesis_hide_singular_image":false,"_genesis_hide_footer_widgets":false,"_genesis_custom_body_class":"","_genesis_custom_post_class":"","_genesis_layout":"","footnotes":""},"class_list":{"0":"post-1329","1":"page","2":"type-page","3":"status-publish","5":"entry","6":"has-post-thumbnail"},"acf":[],"yoast_head":"<!-- This site is optimized with the Yoast SEO plugin v27.3 - https:\/\/yoast.com\/product\/yoast-seo-wordpress\/ -->\n<title>Valeurs \u00ab CRRE \u00bb<\/title>\n<meta name=\"description\" content=\"Paladin n&#039;est pas seulement une entreprise ; nous sommes une communaut\u00e9 de personnes passionn\u00e9es par l&#039;am\u00e9lioration du monde dans lequel nous vivons.\" \/>\n<meta name=\"robots\" content=\"index, follow, max-snippet:-1, max-image-preview:large, max-video-preview:-1\" \/>\n<link rel=\"canonical\" href=\"https:\/\/paladinairportsecurity.com\/fr\/about-us\/valeurs-crre\/\" \/>\n<meta property=\"og:locale\" content=\"fr_CA\" \/>\n<meta property=\"og:type\" content=\"article\" \/>\n<meta property=\"og:title\" content=\"Valeurs \u00ab CRRE \u00bb\" \/>\n<meta property=\"og:description\" content=\"Paladin n&#039;est pas seulement une entreprise ; nous sommes une communaut\u00e9 de personnes passionn\u00e9es par l&#039;am\u00e9lioration du monde dans lequel nous vivons.\" \/>\n<meta property=\"og:url\" content=\"https:\/\/paladinairportsecurity.com\/fr\/about-us\/valeurs-crre\/\" \/>\n<meta property=\"og:site_name\" content=\"Paladin Airport Security \/ French\" \/>\n<meta property=\"article:modified_time\" content=\"2024-09-26T18:43:46+00:00\" \/>\n<meta name=\"twitter:card\" content=\"summary_large_image\" \/>\n<script type=\"application\/ld+json\" class=\"yoast-schema-graph\">{\"@context\":\"https:\\\/\\\/schema.org\",\"@graph\":[{\"@type\":\"WebPage\",\"@id\":\"https:\\\/\\\/paladinairportsecurity.com\\\/fr\\\/about-us\\\/valeurs-crre\\\/\",\"url\":\"https:\\\/\\\/paladinairportsecurity.com\\\/fr\\\/about-us\\\/valeurs-crre\\\/\",\"name\":\"Valeurs \u00ab CRRE \u00bb\",\"isPartOf\":{\"@id\":\"https:\\\/\\\/paladinairportsecurity.com\\\/fr\\\/#website\"},\"datePublished\":\"2016-12-09T20:20:07+00:00\",\"dateModified\":\"2024-09-26T18:43:46+00:00\",\"description\":\"Paladin n'est pas seulement une entreprise ; nous sommes une communaut\u00e9 de personnes passionn\u00e9es par l'am\u00e9lioration du monde dans lequel nous vivons.\",\"breadcrumb\":{\"@id\":\"https:\\\/\\\/paladinairportsecurity.com\\\/fr\\\/about-us\\\/valeurs-crre\\\/#breadcrumb\"},\"inLanguage\":\"fr-CA\",\"potentialAction\":[{\"@type\":\"ReadAction\",\"target\":[\"https:\\\/\\\/paladinairportsecurity.com\\\/fr\\\/about-us\\\/valeurs-crre\\\/\"]}]},{\"@type\":\"BreadcrumbList\",\"@id\":\"https:\\\/\\\/paladinairportsecurity.com\\\/fr\\\/about-us\\\/valeurs-crre\\\/#breadcrumb\",\"itemListElement\":[{\"@type\":\"ListItem\",\"position\":1,\"name\":\"Home\",\"item\":\"https:\\\/\\\/paladinairportsecurity.com\\\/fr\\\/\"},{\"@type\":\"ListItem\",\"position\":2,\"name\":\"About Us\",\"item\":\"https:\\\/\\\/paladinairportsecurity.com\\\/fr\\\/about-us\\\/\"},{\"@type\":\"ListItem\",\"position\":3,\"name\":\"Valeurs \u00ab CRRE \u00bb\"}]},{\"@type\":\"WebSite\",\"@id\":\"https:\\\/\\\/paladinairportsecurity.com\\\/fr\\\/#website\",\"url\":\"https:\\\/\\\/paladinairportsecurity.com\\\/fr\\\/\",\"name\":\"Paladin Airport Security\",\"description\":\"\",\"potentialAction\":[{\"@type\":\"SearchAction\",\"target\":{\"@type\":\"EntryPoint\",\"urlTemplate\":\"https:\\\/\\\/paladinairportsecurity.com\\\/fr\\\/?s={search_term_string}\"},\"query-input\":{\"@type\":\"PropertyValueSpecification\",\"valueRequired\":true,\"valueName\":\"search_term_string\"}}],\"inLanguage\":\"fr-CA\"},{\"@type\":\"ImageObject\",\"inLanguage\":\"fr-CA\",\"@id\":\"https:\\\/\\\/paladinairportsecurity.com\\\/fr\\\/about-us\\\/valeurs-crre\\\/#local-main-organization-logo\",\"url\":\"\",\"contentUrl\":\"\",\"caption\":\"Paladin Airport Security\"}]}<\/script>\n<!-- \/ Yoast SEO plugin. -->","yoast_head_json":{"title":"Valeurs \u00ab CRRE \u00bb","description":"Paladin n'est pas seulement une entreprise ; nous sommes une communaut\u00e9 de personnes passionn\u00e9es par l'am\u00e9lioration du monde dans lequel nous vivons.","robots":{"index":"index","follow":"follow","max-snippet":"max-snippet:-1","max-image-preview":"max-image-preview:large","max-video-preview":"max-video-preview:-1"},"canonical":"https:\/\/paladinairportsecurity.com\/fr\/about-us\/valeurs-crre\/","og_locale":"fr_CA","og_type":"article","og_title":"Valeurs \u00ab CRRE \u00bb","og_description":"Paladin n'est pas seulement une entreprise ; nous sommes une communaut\u00e9 de personnes passionn\u00e9es par l'am\u00e9lioration du monde dans lequel nous vivons.","og_url":"https:\/\/paladinairportsecurity.com\/fr\/about-us\/valeurs-crre\/","og_site_name":"Paladin Airport Security \/ French","article_modified_time":"2024-09-26T18:43:46+00:00","twitter_card":"summary_large_image","schema":{"@context":"https:\/\/schema.org","@graph":[{"@type":"WebPage","@id":"https:\/\/paladinairportsecurity.com\/fr\/about-us\/valeurs-crre\/","url":"https:\/\/paladinairportsecurity.com\/fr\/about-us\/valeurs-crre\/","name":"Valeurs \u00ab CRRE \u00bb","isPartOf":{"@id":"https:\/\/paladinairportsecurity.com\/fr\/#website"},"datePublished":"2016-12-09T20:20:07+00:00","dateModified":"2024-09-26T18:43:46+00:00","description":"Paladin n'est pas seulement une entreprise ; nous sommes une communaut\u00e9 de personnes passionn\u00e9es par l'am\u00e9lioration du monde dans lequel nous vivons.","breadcrumb":{"@id":"https:\/\/paladinairportsecurity.com\/fr\/about-us\/valeurs-crre\/#breadcrumb"},"inLanguage":"fr-CA","potentialAction":[{"@type":"ReadAction","target":["https:\/\/paladinairportsecurity.com\/fr\/about-us\/valeurs-crre\/"]}]},{"@type":"BreadcrumbList","@id":"https:\/\/paladinairportsecurity.com\/fr\/about-us\/valeurs-crre\/#breadcrumb","itemListElement":[{"@type":"ListItem","position":1,"name":"Home","item":"https:\/\/paladinairportsecurity.com\/fr\/"},{"@type":"ListItem","position":2,"name":"About Us","item":"https:\/\/paladinairportsecurity.com\/fr\/about-us\/"},{"@type":"ListItem","position":3,"name":"Valeurs \u00ab CRRE \u00bb"}]},{"@type":"WebSite","@id":"https:\/\/paladinairportsecurity.com\/fr\/#website","url":"https:\/\/paladinairportsecurity.com\/fr\/","name":"Paladin Airport Security","description":"","potentialAction":[{"@type":"SearchAction","target":{"@type":"EntryPoint","urlTemplate":"https:\/\/paladinairportsecurity.com\/fr\/?s={search_term_string}"},"query-input":{"@type":"PropertyValueSpecification","valueRequired":true,"valueName":"search_term_string"}}],"inLanguage":"fr-CA"},{"@type":"ImageObject","inLanguage":"fr-CA","@id":"https:\/\/paladinairportsecurity.com\/fr\/about-us\/valeurs-crre\/#local-main-organization-logo","url":"","contentUrl":"","caption":"Paladin Airport Security"}]}},"_links":{"self":[{"href":"https:\/\/paladinairportsecurity.com\/fr\/wp-json\/wp\/v2\/pages\/1329","targetHints":{"allow":["GET"]}}],"collection":[{"href":"https:\/\/paladinairportsecurity.com\/fr\/wp-json\/wp\/v2\/pages"}],"about":[{"href":"https:\/\/paladinairportsecurity.com\/fr\/wp-json\/wp\/v2\/types\/page"}],"author":[{"embeddable":true,"href":"https:\/\/paladinairportsecurity.com\/fr\/wp-json\/wp\/v2\/users\/3"}],"replies":[{"embeddable":true,"href":"https:\/\/paladinairportsecurity.com\/fr\/wp-json\/wp\/v2\/comments?post=1329"}],"version-history":[{"count":41,"href":"https:\/\/paladinairportsecurity.com\/fr\/wp-json\/wp\/v2\/pages\/1329\/revisions"}],"predecessor-version":[{"id":127089,"href":"https:\/\/paladinairportsecurity.com\/fr\/wp-json\/wp\/v2\/pages\/1329\/revisions\/127089"}],"up":[{"embeddable":true,"href":"https:\/\/paladinairportsecurity.com\/fr\/wp-json\/wp\/v2\/pages\/1667"}],"wp:attachment":[{"href":"https:\/\/paladinairportsecurity.com\/fr\/wp-json\/wp\/v2\/media?parent=1329"}],"curies":[{"name":"wp","href":"https:\/\/api.w.org\/{rel}","templated":true}]}}