{"id":127184,"date":"2025-05-07T15:33:22","date_gmt":"2025-05-07T22:33:22","guid":{"rendered":"https:\/\/paladinairportsecurity.com\/fr\/?page_id=127184"},"modified":"2025-05-07T15:33:22","modified_gmt":"2025-05-07T22:33:22","slug":"controle-des-non-passagers","status":"publish","type":"page","link":"https:\/\/paladinairportsecurity.com\/fr\/controle-des-non-passagers\/","title":{"rendered":"Contr\u00f4le des non-passagers"},"content":{"rendered":"","protected":false},"excerpt":{"rendered":"","protected":false},"author":56,"featured_media":0,"parent":0,"menu_order":0,"comment_status":"closed","ping_status":"closed","template":"page_industry.php","meta":{"_acf_changed":false,"content-type":"","_genesis_hide_title":false,"_genesis_hide_breadcrumbs":false,"_genesis_hide_singular_image":false,"_genesis_hide_footer_widgets":false,"_genesis_custom_body_class":"","_genesis_custom_post_class":"","_genesis_layout":"","footnotes":""},"class_list":{"0":"post-127184","1":"page","2":"type-page","3":"status-publish","5":"entry","6":"has-post-thumbnail"},"acf":[],"yoast_head":"<!-- This site is optimized with the Yoast SEO plugin v27.3 - https:\/\/yoast.com\/product\/yoast-seo-wordpress\/ -->\n<title>Contr\u00f4le des &quot;non passagers&quot;<\/title>\n<meta name=\"description\" content=\"Le contr\u00f4le des personnes autres que les passagers est essentiel pour maintenir la s\u00e9curit\u00e9 dans les a\u00e9roports. Il consiste \u00e0 contr\u00f4ler les employ\u00e9s de l&#039;a\u00e9roport, les fournisseurs, le personnel des compagnies a\u00e9riennes, les v\u00e9hicules de service et toute autre personne devant acc\u00e9der aux zones r\u00e9glement\u00e9es.\" \/>\n<meta name=\"robots\" content=\"index, follow, max-snippet:-1, max-image-preview:large, max-video-preview:-1\" \/>\n<link rel=\"canonical\" href=\"https:\/\/paladinairportsecurity.com\/fr\/controle-des-non-passagers\/\" \/>\n<meta property=\"og:locale\" content=\"fr_CA\" \/>\n<meta property=\"og:type\" content=\"article\" \/>\n<meta property=\"og:title\" content=\"Contr\u00f4le des &quot;non passagers&quot;\" \/>\n<meta property=\"og:description\" content=\"Le contr\u00f4le des personnes autres que les passagers est essentiel pour maintenir la s\u00e9curit\u00e9 dans les a\u00e9roports. Il consiste \u00e0 contr\u00f4ler les employ\u00e9s de l&#039;a\u00e9roport, les fournisseurs, le personnel des compagnies a\u00e9riennes, les v\u00e9hicules de service et toute autre personne devant acc\u00e9der aux zones r\u00e9glement\u00e9es.\" \/>\n<meta property=\"og:url\" content=\"https:\/\/paladinairportsecurity.com\/fr\/controle-des-non-passagers\/\" \/>\n<meta property=\"og:site_name\" content=\"Paladin Airport Security \/ French\" \/>\n<meta name=\"twitter:card\" content=\"summary_large_image\" \/>\n<script type=\"application\/ld+json\" class=\"yoast-schema-graph\">{\"@context\":\"https:\\\/\\\/schema.org\",\"@graph\":[{\"@type\":\"WebPage\",\"@id\":\"https:\\\/\\\/paladinairportsecurity.com\\\/fr\\\/controle-des-non-passagers\\\/\",\"url\":\"https:\\\/\\\/paladinairportsecurity.com\\\/fr\\\/controle-des-non-passagers\\\/\",\"name\":\"Contr\u00f4le des \\\"non passagers\\\"\",\"isPartOf\":{\"@id\":\"https:\\\/\\\/paladinairportsecurity.com\\\/fr\\\/#website\"},\"datePublished\":\"2025-05-07T22:33:22+00:00\",\"description\":\"Le contr\u00f4le des personnes autres que les passagers est essentiel pour maintenir la s\u00e9curit\u00e9 dans les a\u00e9roports. Il consiste \u00e0 contr\u00f4ler les employ\u00e9s de l'a\u00e9roport, les fournisseurs, le personnel des compagnies a\u00e9riennes, les v\u00e9hicules de service et toute autre personne devant acc\u00e9der aux zones r\u00e9glement\u00e9es.\",\"breadcrumb\":{\"@id\":\"https:\\\/\\\/paladinairportsecurity.com\\\/fr\\\/controle-des-non-passagers\\\/#breadcrumb\"},\"inLanguage\":\"fr-CA\",\"potentialAction\":[{\"@type\":\"ReadAction\",\"target\":[\"https:\\\/\\\/paladinairportsecurity.com\\\/fr\\\/controle-des-non-passagers\\\/\"]}]},{\"@type\":\"BreadcrumbList\",\"@id\":\"https:\\\/\\\/paladinairportsecurity.com\\\/fr\\\/controle-des-non-passagers\\\/#breadcrumb\",\"itemListElement\":[{\"@type\":\"ListItem\",\"position\":1,\"name\":\"Home\",\"item\":\"https:\\\/\\\/paladinairportsecurity.com\\\/fr\\\/\"},{\"@type\":\"ListItem\",\"position\":2,\"name\":\"Contr\u00f4le des non-passagers\"}]},{\"@type\":\"WebSite\",\"@id\":\"https:\\\/\\\/paladinairportsecurity.com\\\/fr\\\/#website\",\"url\":\"https:\\\/\\\/paladinairportsecurity.com\\\/fr\\\/\",\"name\":\"Paladin Airport Security\",\"description\":\"\",\"potentialAction\":[{\"@type\":\"SearchAction\",\"target\":{\"@type\":\"EntryPoint\",\"urlTemplate\":\"https:\\\/\\\/paladinairportsecurity.com\\\/fr\\\/?s={search_term_string}\"},\"query-input\":{\"@type\":\"PropertyValueSpecification\",\"valueRequired\":true,\"valueName\":\"search_term_string\"}}],\"inLanguage\":\"fr-CA\"},{\"@type\":\"ImageObject\",\"inLanguage\":\"fr-CA\",\"@id\":\"https:\\\/\\\/paladinairportsecurity.com\\\/fr\\\/controle-des-non-passagers\\\/#local-main-organization-logo\",\"url\":\"\",\"contentUrl\":\"\",\"caption\":\"Paladin Airport Security\"}]}<\/script>\n<!-- \/ Yoast SEO plugin. -->","yoast_head_json":{"title":"Contr\u00f4le des \"non passagers\"","description":"Le contr\u00f4le des personnes autres que les passagers est essentiel pour maintenir la s\u00e9curit\u00e9 dans les a\u00e9roports. Il consiste \u00e0 contr\u00f4ler les employ\u00e9s de l'a\u00e9roport, les fournisseurs, le personnel des compagnies a\u00e9riennes, les v\u00e9hicules de service et toute autre personne devant acc\u00e9der aux zones r\u00e9glement\u00e9es.","robots":{"index":"index","follow":"follow","max-snippet":"max-snippet:-1","max-image-preview":"max-image-preview:large","max-video-preview":"max-video-preview:-1"},"canonical":"https:\/\/paladinairportsecurity.com\/fr\/controle-des-non-passagers\/","og_locale":"fr_CA","og_type":"article","og_title":"Contr\u00f4le des \"non passagers\"","og_description":"Le contr\u00f4le des personnes autres que les passagers est essentiel pour maintenir la s\u00e9curit\u00e9 dans les a\u00e9roports. Il consiste \u00e0 contr\u00f4ler les employ\u00e9s de l'a\u00e9roport, les fournisseurs, le personnel des compagnies a\u00e9riennes, les v\u00e9hicules de service et toute autre personne devant acc\u00e9der aux zones r\u00e9glement\u00e9es.","og_url":"https:\/\/paladinairportsecurity.com\/fr\/controle-des-non-passagers\/","og_site_name":"Paladin Airport Security \/ French","twitter_card":"summary_large_image","schema":{"@context":"https:\/\/schema.org","@graph":[{"@type":"WebPage","@id":"https:\/\/paladinairportsecurity.com\/fr\/controle-des-non-passagers\/","url":"https:\/\/paladinairportsecurity.com\/fr\/controle-des-non-passagers\/","name":"Contr\u00f4le des \"non passagers\"","isPartOf":{"@id":"https:\/\/paladinairportsecurity.com\/fr\/#website"},"datePublished":"2025-05-07T22:33:22+00:00","description":"Le contr\u00f4le des personnes autres que les passagers est essentiel pour maintenir la s\u00e9curit\u00e9 dans les a\u00e9roports. Il consiste \u00e0 contr\u00f4ler les employ\u00e9s de l'a\u00e9roport, les fournisseurs, le personnel des compagnies a\u00e9riennes, les v\u00e9hicules de service et toute autre personne devant acc\u00e9der aux zones r\u00e9glement\u00e9es.","breadcrumb":{"@id":"https:\/\/paladinairportsecurity.com\/fr\/controle-des-non-passagers\/#breadcrumb"},"inLanguage":"fr-CA","potentialAction":[{"@type":"ReadAction","target":["https:\/\/paladinairportsecurity.com\/fr\/controle-des-non-passagers\/"]}]},{"@type":"BreadcrumbList","@id":"https:\/\/paladinairportsecurity.com\/fr\/controle-des-non-passagers\/#breadcrumb","itemListElement":[{"@type":"ListItem","position":1,"name":"Home","item":"https:\/\/paladinairportsecurity.com\/fr\/"},{"@type":"ListItem","position":2,"name":"Contr\u00f4le des non-passagers"}]},{"@type":"WebSite","@id":"https:\/\/paladinairportsecurity.com\/fr\/#website","url":"https:\/\/paladinairportsecurity.com\/fr\/","name":"Paladin Airport Security","description":"","potentialAction":[{"@type":"SearchAction","target":{"@type":"EntryPoint","urlTemplate":"https:\/\/paladinairportsecurity.com\/fr\/?s={search_term_string}"},"query-input":{"@type":"PropertyValueSpecification","valueRequired":true,"valueName":"search_term_string"}}],"inLanguage":"fr-CA"},{"@type":"ImageObject","inLanguage":"fr-CA","@id":"https:\/\/paladinairportsecurity.com\/fr\/controle-des-non-passagers\/#local-main-organization-logo","url":"","contentUrl":"","caption":"Paladin Airport Security"}]}},"_links":{"self":[{"href":"https:\/\/paladinairportsecurity.com\/fr\/wp-json\/wp\/v2\/pages\/127184","targetHints":{"allow":["GET"]}}],"collection":[{"href":"https:\/\/paladinairportsecurity.com\/fr\/wp-json\/wp\/v2\/pages"}],"about":[{"href":"https:\/\/paladinairportsecurity.com\/fr\/wp-json\/wp\/v2\/types\/page"}],"author":[{"embeddable":true,"href":"https:\/\/paladinairportsecurity.com\/fr\/wp-json\/wp\/v2\/users\/56"}],"replies":[{"embeddable":true,"href":"https:\/\/paladinairportsecurity.com\/fr\/wp-json\/wp\/v2\/comments?post=127184"}],"version-history":[{"count":2,"href":"https:\/\/paladinairportsecurity.com\/fr\/wp-json\/wp\/v2\/pages\/127184\/revisions"}],"predecessor-version":[{"id":127204,"href":"https:\/\/paladinairportsecurity.com\/fr\/wp-json\/wp\/v2\/pages\/127184\/revisions\/127204"}],"wp:attachment":[{"href":"https:\/\/paladinairportsecurity.com\/fr\/wp-json\/wp\/v2\/media?parent=127184"}],"curies":[{"name":"wp","href":"https:\/\/api.w.org\/{rel}","templated":true}]}}