{"id":123906,"date":"2022-12-29T12:41:34","date_gmt":"2022-12-29T20:41:34","guid":{"rendered":"https:\/\/paladinairportsecurity.com\/fr\/?page_id=123906"},"modified":"2024-10-01T10:10:57","modified_gmt":"2024-10-01T17:10:57","slug":"carrieres","status":"publish","type":"page","link":"https:\/\/paladinairportsecurity.com\/fr\/carrieres\/","title":{"rendered":"Carri\u00e8res"},"content":{"rendered":"","protected":false},"excerpt":{"rendered":"","protected":false},"author":3,"featured_media":0,"parent":0,"menu_order":0,"comment_status":"closed","ping_status":"closed","template":"page_careers_new.php","meta":{"_acf_changed":false,"content-type":"","_genesis_hide_title":false,"_genesis_hide_breadcrumbs":false,"_genesis_hide_singular_image":false,"_genesis_hide_footer_widgets":false,"_genesis_custom_body_class":"","_genesis_custom_post_class":"","_genesis_layout":"","footnotes":""},"class_list":{"0":"post-123906","1":"page","2":"type-page","3":"status-publish","5":"entry","6":"has-post-thumbnail"},"acf":[],"yoast_head":"<!-- This site is optimized with the Yoast SEO plugin v27.3 - https:\/\/yoast.com\/product\/yoast-seo-wordpress\/ -->\n<title>Carri\u00e8res<\/title>\n<meta name=\"description\" content=\"La diff\u00e9rence Paladin commence avec notre \u00e9quipe. Nous nous engageons \u00e0 \u00eatre curieux, responsables, respectueux et exceptionnels et \u00e0 faire du monde un endroit plus s\u00fbr et plus convivial.\" \/>\n<meta name=\"robots\" content=\"index, follow, max-snippet:-1, max-image-preview:large, max-video-preview:-1\" \/>\n<link rel=\"canonical\" href=\"https:\/\/paladinairportsecurity.com\/fr\/carrieres\/\" \/>\n<meta property=\"og:locale\" content=\"fr_CA\" \/>\n<meta property=\"og:type\" content=\"article\" \/>\n<meta property=\"og:title\" content=\"Carri\u00e8res\" \/>\n<meta property=\"og:description\" content=\"La diff\u00e9rence Paladin commence avec notre \u00e9quipe. Nous nous engageons \u00e0 \u00eatre curieux, responsables, respectueux et exceptionnels et \u00e0 faire du monde un endroit plus s\u00fbr et plus convivial.\" \/>\n<meta property=\"og:url\" content=\"https:\/\/paladinairportsecurity.com\/fr\/carrieres\/\" \/>\n<meta property=\"og:site_name\" content=\"Paladin Airport Security \/ French\" \/>\n<meta property=\"article:modified_time\" content=\"2024-10-01T17:10:57+00:00\" \/>\n<meta name=\"twitter:card\" content=\"summary_large_image\" \/>\n<script type=\"application\/ld+json\" class=\"yoast-schema-graph\">{\"@context\":\"https:\\\/\\\/schema.org\",\"@graph\":[{\"@type\":\"WebPage\",\"@id\":\"https:\\\/\\\/paladinairportsecurity.com\\\/fr\\\/carrieres\\\/\",\"url\":\"https:\\\/\\\/paladinairportsecurity.com\\\/fr\\\/carrieres\\\/\",\"name\":\"Carri\u00e8res\",\"isPartOf\":{\"@id\":\"https:\\\/\\\/paladinairportsecurity.com\\\/fr\\\/#website\"},\"datePublished\":\"2022-12-29T20:41:34+00:00\",\"dateModified\":\"2024-10-01T17:10:57+00:00\",\"description\":\"La diff\u00e9rence Paladin commence avec notre \u00e9quipe. Nous nous engageons \u00e0 \u00eatre curieux, responsables, respectueux et exceptionnels et \u00e0 faire du monde un endroit plus s\u00fbr et plus convivial.\",\"breadcrumb\":{\"@id\":\"https:\\\/\\\/paladinairportsecurity.com\\\/fr\\\/carrieres\\\/#breadcrumb\"},\"inLanguage\":\"fr-CA\",\"potentialAction\":[{\"@type\":\"ReadAction\",\"target\":[\"https:\\\/\\\/paladinairportsecurity.com\\\/fr\\\/carrieres\\\/\"]}]},{\"@type\":\"BreadcrumbList\",\"@id\":\"https:\\\/\\\/paladinairportsecurity.com\\\/fr\\\/carrieres\\\/#breadcrumb\",\"itemListElement\":[{\"@type\":\"ListItem\",\"position\":1,\"name\":\"Home\",\"item\":\"https:\\\/\\\/paladinairportsecurity.com\\\/fr\\\/\"},{\"@type\":\"ListItem\",\"position\":2,\"name\":\"Carri\u00e8res\"}]},{\"@type\":\"WebSite\",\"@id\":\"https:\\\/\\\/paladinairportsecurity.com\\\/fr\\\/#website\",\"url\":\"https:\\\/\\\/paladinairportsecurity.com\\\/fr\\\/\",\"name\":\"Paladin Airport Security\",\"description\":\"\",\"potentialAction\":[{\"@type\":\"SearchAction\",\"target\":{\"@type\":\"EntryPoint\",\"urlTemplate\":\"https:\\\/\\\/paladinairportsecurity.com\\\/fr\\\/?s={search_term_string}\"},\"query-input\":{\"@type\":\"PropertyValueSpecification\",\"valueRequired\":true,\"valueName\":\"search_term_string\"}}],\"inLanguage\":\"fr-CA\"},{\"@type\":\"ImageObject\",\"inLanguage\":\"fr-CA\",\"@id\":\"https:\\\/\\\/paladinairportsecurity.com\\\/fr\\\/carrieres\\\/#local-main-organization-logo\",\"url\":\"\",\"contentUrl\":\"\",\"caption\":\"Paladin Airport Security\"}]}<\/script>\n<!-- \/ Yoast SEO plugin. -->","yoast_head_json":{"title":"Carri\u00e8res","description":"La diff\u00e9rence Paladin commence avec notre \u00e9quipe. Nous nous engageons \u00e0 \u00eatre curieux, responsables, respectueux et exceptionnels et \u00e0 faire du monde un endroit plus s\u00fbr et plus convivial.","robots":{"index":"index","follow":"follow","max-snippet":"max-snippet:-1","max-image-preview":"max-image-preview:large","max-video-preview":"max-video-preview:-1"},"canonical":"https:\/\/paladinairportsecurity.com\/fr\/carrieres\/","og_locale":"fr_CA","og_type":"article","og_title":"Carri\u00e8res","og_description":"La diff\u00e9rence Paladin commence avec notre \u00e9quipe. Nous nous engageons \u00e0 \u00eatre curieux, responsables, respectueux et exceptionnels et \u00e0 faire du monde un endroit plus s\u00fbr et plus convivial.","og_url":"https:\/\/paladinairportsecurity.com\/fr\/carrieres\/","og_site_name":"Paladin Airport Security \/ French","article_modified_time":"2024-10-01T17:10:57+00:00","twitter_card":"summary_large_image","schema":{"@context":"https:\/\/schema.org","@graph":[{"@type":"WebPage","@id":"https:\/\/paladinairportsecurity.com\/fr\/carrieres\/","url":"https:\/\/paladinairportsecurity.com\/fr\/carrieres\/","name":"Carri\u00e8res","isPartOf":{"@id":"https:\/\/paladinairportsecurity.com\/fr\/#website"},"datePublished":"2022-12-29T20:41:34+00:00","dateModified":"2024-10-01T17:10:57+00:00","description":"La diff\u00e9rence Paladin commence avec notre \u00e9quipe. Nous nous engageons \u00e0 \u00eatre curieux, responsables, respectueux et exceptionnels et \u00e0 faire du monde un endroit plus s\u00fbr et plus convivial.","breadcrumb":{"@id":"https:\/\/paladinairportsecurity.com\/fr\/carrieres\/#breadcrumb"},"inLanguage":"fr-CA","potentialAction":[{"@type":"ReadAction","target":["https:\/\/paladinairportsecurity.com\/fr\/carrieres\/"]}]},{"@type":"BreadcrumbList","@id":"https:\/\/paladinairportsecurity.com\/fr\/carrieres\/#breadcrumb","itemListElement":[{"@type":"ListItem","position":1,"name":"Home","item":"https:\/\/paladinairportsecurity.com\/fr\/"},{"@type":"ListItem","position":2,"name":"Carri\u00e8res"}]},{"@type":"WebSite","@id":"https:\/\/paladinairportsecurity.com\/fr\/#website","url":"https:\/\/paladinairportsecurity.com\/fr\/","name":"Paladin Airport Security","description":"","potentialAction":[{"@type":"SearchAction","target":{"@type":"EntryPoint","urlTemplate":"https:\/\/paladinairportsecurity.com\/fr\/?s={search_term_string}"},"query-input":{"@type":"PropertyValueSpecification","valueRequired":true,"valueName":"search_term_string"}}],"inLanguage":"fr-CA"},{"@type":"ImageObject","inLanguage":"fr-CA","@id":"https:\/\/paladinairportsecurity.com\/fr\/carrieres\/#local-main-organization-logo","url":"","contentUrl":"","caption":"Paladin Airport Security"}]}},"_links":{"self":[{"href":"https:\/\/paladinairportsecurity.com\/fr\/wp-json\/wp\/v2\/pages\/123906","targetHints":{"allow":["GET"]}}],"collection":[{"href":"https:\/\/paladinairportsecurity.com\/fr\/wp-json\/wp\/v2\/pages"}],"about":[{"href":"https:\/\/paladinairportsecurity.com\/fr\/wp-json\/wp\/v2\/types\/page"}],"author":[{"embeddable":true,"href":"https:\/\/paladinairportsecurity.com\/fr\/wp-json\/wp\/v2\/users\/3"}],"replies":[{"embeddable":true,"href":"https:\/\/paladinairportsecurity.com\/fr\/wp-json\/wp\/v2\/comments?post=123906"}],"version-history":[{"count":77,"href":"https:\/\/paladinairportsecurity.com\/fr\/wp-json\/wp\/v2\/pages\/123906\/revisions"}],"predecessor-version":[{"id":127099,"href":"https:\/\/paladinairportsecurity.com\/fr\/wp-json\/wp\/v2\/pages\/123906\/revisions\/127099"}],"wp:attachment":[{"href":"https:\/\/paladinairportsecurity.com\/fr\/wp-json\/wp\/v2\/media?parent=123906"}],"curies":[{"name":"wp","href":"https:\/\/api.w.org\/{rel}","templated":true}]}}