{"id":11,"date":"2016-11-21T11:09:23","date_gmt":"2016-11-21T19:09:23","guid":{"rendered":"http:\/\/paladinsecurit.wpengine.com\/?page_id=11"},"modified":"2025-05-08T09:29:39","modified_gmt":"2025-05-08T16:29:39","slug":"pourquoi-laeroport-paladin","status":"publish","type":"page","link":"https:\/\/paladinairportsecurity.com\/fr\/about-us\/pourquoi-laeroport-paladin\/","title":{"rendered":"Pourquoi l&rsquo;A\u00e9roport Paladin\u202f?"},"content":{"rendered":"","protected":false},"excerpt":{"rendered":"","protected":false},"author":2,"featured_media":0,"parent":1667,"menu_order":0,"comment_status":"closed","ping_status":"closed","template":"page_content.php","meta":{"_acf_changed":false,"content-type":"","_genesis_hide_title":false,"_genesis_hide_breadcrumbs":false,"_genesis_hide_singular_image":false,"_genesis_hide_footer_widgets":false,"_genesis_custom_body_class":"","_genesis_custom_post_class":"","_genesis_layout":"","footnotes":""},"class_list":{"0":"post-11","1":"page","2":"type-page","3":"status-publish","5":"entry","6":"has-post-thumbnail"},"acf":[],"yoast_head":"<!-- This site is optimized with the Yoast SEO plugin v27.3 - https:\/\/yoast.com\/product\/yoast-seo-wordpress\/ -->\n<title>Pourquoi l&#039;A\u00e9roport Paladin\u202f? - Paladin Airport Security \/ French<\/title>\n<meta name=\"description\" content=\"Paladin est le fournisseur de services de contr\u00f4le de s\u00e9curit\u00e9 pour tous les a\u00e9roports des r\u00e9gions Pacifique et des Prairies du Canada.\" \/>\n<meta name=\"robots\" content=\"index, follow, max-snippet:-1, max-image-preview:large, max-video-preview:-1\" \/>\n<link rel=\"canonical\" href=\"https:\/\/paladinairportsecurity.com\/fr\/about-us\/pourquoi-laeroport-paladin\/\" \/>\n<meta property=\"og:locale\" content=\"fr_CA\" \/>\n<meta property=\"og:type\" content=\"article\" \/>\n<meta property=\"og:title\" content=\"Pourquoi l&#039;A\u00e9roport Paladin\u202f? - Paladin Airport Security \/ French\" \/>\n<meta property=\"og:description\" content=\"Paladin est le fournisseur de services de contr\u00f4le de s\u00e9curit\u00e9 pour tous les a\u00e9roports des r\u00e9gions Pacifique et des Prairies du Canada.\" \/>\n<meta property=\"og:url\" content=\"https:\/\/paladinairportsecurity.com\/fr\/about-us\/pourquoi-laeroport-paladin\/\" \/>\n<meta property=\"og:site_name\" content=\"Paladin Airport Security \/ French\" \/>\n<meta property=\"article:modified_time\" content=\"2025-05-08T16:29:39+00:00\" \/>\n<meta name=\"twitter:card\" content=\"summary_large_image\" \/>\n<script type=\"application\/ld+json\" class=\"yoast-schema-graph\">{\"@context\":\"https:\\\/\\\/schema.org\",\"@graph\":[{\"@type\":\"WebPage\",\"@id\":\"https:\\\/\\\/paladinairportsecurity.com\\\/fr\\\/about-us\\\/pourquoi-laeroport-paladin\\\/\",\"url\":\"https:\\\/\\\/paladinairportsecurity.com\\\/fr\\\/about-us\\\/pourquoi-laeroport-paladin\\\/\",\"name\":\"Pourquoi l'A\u00e9roport Paladin\u202f? - Paladin Airport Security \\\/ French\",\"isPartOf\":{\"@id\":\"https:\\\/\\\/paladinairportsecurity.com\\\/fr\\\/#website\"},\"datePublished\":\"2016-11-21T19:09:23+00:00\",\"dateModified\":\"2025-05-08T16:29:39+00:00\",\"description\":\"Paladin est le fournisseur de services de contr\u00f4le de s\u00e9curit\u00e9 pour tous les a\u00e9roports des r\u00e9gions Pacifique et des Prairies du Canada.\",\"breadcrumb\":{\"@id\":\"https:\\\/\\\/paladinairportsecurity.com\\\/fr\\\/about-us\\\/pourquoi-laeroport-paladin\\\/#breadcrumb\"},\"inLanguage\":\"fr-CA\",\"potentialAction\":[{\"@type\":\"ReadAction\",\"target\":[\"https:\\\/\\\/paladinairportsecurity.com\\\/fr\\\/about-us\\\/pourquoi-laeroport-paladin\\\/\"]}]},{\"@type\":\"BreadcrumbList\",\"@id\":\"https:\\\/\\\/paladinairportsecurity.com\\\/fr\\\/about-us\\\/pourquoi-laeroport-paladin\\\/#breadcrumb\",\"itemListElement\":[{\"@type\":\"ListItem\",\"position\":1,\"name\":\"Home\",\"item\":\"https:\\\/\\\/paladinairportsecurity.com\\\/fr\\\/\"},{\"@type\":\"ListItem\",\"position\":2,\"name\":\"About Us\",\"item\":\"https:\\\/\\\/paladinairportsecurity.com\\\/fr\\\/about-us\\\/\"},{\"@type\":\"ListItem\",\"position\":3,\"name\":\"Pourquoi l&rsquo;A\u00e9roport Paladin\u202f?\"}]},{\"@type\":\"WebSite\",\"@id\":\"https:\\\/\\\/paladinairportsecurity.com\\\/fr\\\/#website\",\"url\":\"https:\\\/\\\/paladinairportsecurity.com\\\/fr\\\/\",\"name\":\"Paladin Airport Security\",\"description\":\"\",\"potentialAction\":[{\"@type\":\"SearchAction\",\"target\":{\"@type\":\"EntryPoint\",\"urlTemplate\":\"https:\\\/\\\/paladinairportsecurity.com\\\/fr\\\/?s={search_term_string}\"},\"query-input\":{\"@type\":\"PropertyValueSpecification\",\"valueRequired\":true,\"valueName\":\"search_term_string\"}}],\"inLanguage\":\"fr-CA\"},{\"@type\":\"ImageObject\",\"inLanguage\":\"fr-CA\",\"@id\":\"https:\\\/\\\/paladinairportsecurity.com\\\/fr\\\/about-us\\\/pourquoi-laeroport-paladin\\\/#local-main-organization-logo\",\"url\":\"\",\"contentUrl\":\"\",\"caption\":\"Paladin Airport Security\"}]}<\/script>\n<!-- \/ Yoast SEO plugin. -->","yoast_head_json":{"title":"Pourquoi l'A\u00e9roport Paladin\u202f? - Paladin Airport Security \/ French","description":"Paladin est le fournisseur de services de contr\u00f4le de s\u00e9curit\u00e9 pour tous les a\u00e9roports des r\u00e9gions Pacifique et des Prairies du Canada.","robots":{"index":"index","follow":"follow","max-snippet":"max-snippet:-1","max-image-preview":"max-image-preview:large","max-video-preview":"max-video-preview:-1"},"canonical":"https:\/\/paladinairportsecurity.com\/fr\/about-us\/pourquoi-laeroport-paladin\/","og_locale":"fr_CA","og_type":"article","og_title":"Pourquoi l'A\u00e9roport Paladin\u202f? - Paladin Airport Security \/ French","og_description":"Paladin est le fournisseur de services de contr\u00f4le de s\u00e9curit\u00e9 pour tous les a\u00e9roports des r\u00e9gions Pacifique et des Prairies du Canada.","og_url":"https:\/\/paladinairportsecurity.com\/fr\/about-us\/pourquoi-laeroport-paladin\/","og_site_name":"Paladin Airport Security \/ French","article_modified_time":"2025-05-08T16:29:39+00:00","twitter_card":"summary_large_image","schema":{"@context":"https:\/\/schema.org","@graph":[{"@type":"WebPage","@id":"https:\/\/paladinairportsecurity.com\/fr\/about-us\/pourquoi-laeroport-paladin\/","url":"https:\/\/paladinairportsecurity.com\/fr\/about-us\/pourquoi-laeroport-paladin\/","name":"Pourquoi l'A\u00e9roport Paladin\u202f? - Paladin Airport Security \/ French","isPartOf":{"@id":"https:\/\/paladinairportsecurity.com\/fr\/#website"},"datePublished":"2016-11-21T19:09:23+00:00","dateModified":"2025-05-08T16:29:39+00:00","description":"Paladin est le fournisseur de services de contr\u00f4le de s\u00e9curit\u00e9 pour tous les a\u00e9roports des r\u00e9gions Pacifique et des Prairies du Canada.","breadcrumb":{"@id":"https:\/\/paladinairportsecurity.com\/fr\/about-us\/pourquoi-laeroport-paladin\/#breadcrumb"},"inLanguage":"fr-CA","potentialAction":[{"@type":"ReadAction","target":["https:\/\/paladinairportsecurity.com\/fr\/about-us\/pourquoi-laeroport-paladin\/"]}]},{"@type":"BreadcrumbList","@id":"https:\/\/paladinairportsecurity.com\/fr\/about-us\/pourquoi-laeroport-paladin\/#breadcrumb","itemListElement":[{"@type":"ListItem","position":1,"name":"Home","item":"https:\/\/paladinairportsecurity.com\/fr\/"},{"@type":"ListItem","position":2,"name":"About Us","item":"https:\/\/paladinairportsecurity.com\/fr\/about-us\/"},{"@type":"ListItem","position":3,"name":"Pourquoi l&rsquo;A\u00e9roport Paladin\u202f?"}]},{"@type":"WebSite","@id":"https:\/\/paladinairportsecurity.com\/fr\/#website","url":"https:\/\/paladinairportsecurity.com\/fr\/","name":"Paladin Airport Security","description":"","potentialAction":[{"@type":"SearchAction","target":{"@type":"EntryPoint","urlTemplate":"https:\/\/paladinairportsecurity.com\/fr\/?s={search_term_string}"},"query-input":{"@type":"PropertyValueSpecification","valueRequired":true,"valueName":"search_term_string"}}],"inLanguage":"fr-CA"},{"@type":"ImageObject","inLanguage":"fr-CA","@id":"https:\/\/paladinairportsecurity.com\/fr\/about-us\/pourquoi-laeroport-paladin\/#local-main-organization-logo","url":"","contentUrl":"","caption":"Paladin Airport Security"}]}},"_links":{"self":[{"href":"https:\/\/paladinairportsecurity.com\/fr\/wp-json\/wp\/v2\/pages\/11","targetHints":{"allow":["GET"]}}],"collection":[{"href":"https:\/\/paladinairportsecurity.com\/fr\/wp-json\/wp\/v2\/pages"}],"about":[{"href":"https:\/\/paladinairportsecurity.com\/fr\/wp-json\/wp\/v2\/types\/page"}],"author":[{"embeddable":true,"href":"https:\/\/paladinairportsecurity.com\/fr\/wp-json\/wp\/v2\/users\/2"}],"replies":[{"embeddable":true,"href":"https:\/\/paladinairportsecurity.com\/fr\/wp-json\/wp\/v2\/comments?post=11"}],"version-history":[{"count":48,"href":"https:\/\/paladinairportsecurity.com\/fr\/wp-json\/wp\/v2\/pages\/11\/revisions"}],"predecessor-version":[{"id":127219,"href":"https:\/\/paladinairportsecurity.com\/fr\/wp-json\/wp\/v2\/pages\/11\/revisions\/127219"}],"up":[{"embeddable":true,"href":"https:\/\/paladinairportsecurity.com\/fr\/wp-json\/wp\/v2\/pages\/1667"}],"wp:attachment":[{"href":"https:\/\/paladinairportsecurity.com\/fr\/wp-json\/wp\/v2\/media?parent=11"}],"curies":[{"name":"wp","href":"https:\/\/api.w.org\/{rel}","templated":true}]}}